{"id":295,"date":"2020-07-23T08:31:17","date_gmt":"2020-07-23T08:31:17","guid":{"rendered":"https:\/\/marin-artist.com\/?page_id=295"},"modified":"2025-03-06T10:18:53","modified_gmt":"2025-03-06T10:18:53","slug":"artiest","status":"publish","type":"page","link":"https:\/\/marin-artist.com\/es\/artiest\/","title":{"rendered":"Artista"},"content":{"rendered":"<div data-elementor-type=\"wp-page\" data-elementor-id=\"295\" class=\"elementor elementor-295\" data-elementor-post-type=\"page\">\n\t\t\t\t\t\t<section class=\"elementor-section elementor-inner-section elementor-element elementor-element-855fa56 elementor-reverse-mobile elementor-section-boxed elementor-section-height-default elementor-section-height-default\" data-id=\"855fa56\" data-element_type=\"section\" data-e-type=\"section\">\n\t\t\t\t\t\t<div class=\"elementor-container elementor-column-gap-default\">\n\t\t\t\t\t<div class=\"elementor-column elementor-col-25 elementor-inner-column elementor-element elementor-element-53365ec2\" data-id=\"53365ec2\" data-element_type=\"column\" data-e-type=\"column\">\n\t\t\t<div class=\"elementor-widget-wrap elementor-element-populated\">\n\t\t\t\t\t\t<div class=\"elementor-element elementor-element-1064f185 elementor-widget elementor-widget-image\" data-id=\"1064f185\" data-element_type=\"widget\" data-e-type=\"widget\" data-widget_type=\"image.default\">\n\t\t\t\t\t\t\t\t\t\t\t\t\t\t\t<img fetchpriority=\"high\" decoding=\"async\" width=\"800\" height=\"800\" src=\"https:\/\/marin-artist.com\/wp-content\/uploads\/2025\/02\/Plantilla_webp_retratos-3-1.webp\" class=\"attachment-large size-large wp-image-4716\" alt=\"karikaturist Marin. Live karikaturen in feestjes en evenementen.\" srcset=\"https:\/\/marin-artist.com\/wp-content\/uploads\/2025\/02\/Plantilla_webp_retratos-3-1.webp 1000w, https:\/\/marin-artist.com\/wp-content\/uploads\/2025\/02\/Plantilla_webp_retratos-3-1-300x300.webp 300w, https:\/\/marin-artist.com\/wp-content\/uploads\/2025\/02\/Plantilla_webp_retratos-3-1-150x150.webp 150w, https:\/\/marin-artist.com\/wp-content\/uploads\/2025\/02\/Plantilla_webp_retratos-3-1-768x768.webp 768w, https:\/\/marin-artist.com\/wp-content\/uploads\/2025\/02\/Plantilla_webp_retratos-3-1-12x12.webp 12w\" sizes=\"(max-width: 800px) 100vw, 800px\" \/>\t\t\t\t\t\t\t\t\t\t\t\t\t\t\t<\/div>\n\t\t\t\t\t<\/div>\n\t\t<\/div>\n\t\t\t\t<div class=\"elementor-column elementor-col-25 elementor-inner-column elementor-element elementor-element-354e15f8\" data-id=\"354e15f8\" data-element_type=\"column\" data-e-type=\"column\">\n\t\t\t<div class=\"elementor-widget-wrap elementor-element-populated\">\n\t\t\t\t\t\t<div class=\"elementor-element elementor-element-6aeafb50 elementor-widget elementor-widget-image\" data-id=\"6aeafb50\" data-element_type=\"widget\" data-e-type=\"widget\" data-widget_type=\"image.default\">\n\t\t\t\t\t\t\t\t\t\t\t\t\t\t\t<img decoding=\"async\" width=\"800\" height=\"800\" src=\"https:\/\/marin-artist.com\/wp-content\/uploads\/2025\/02\/Plantilla_webp_retratos-3.webp\" class=\"attachment-large size-large wp-image-4714\" alt=\"karikaturist Marin. Live karikaturen in feestjes en evenementen.\" srcset=\"https:\/\/marin-artist.com\/wp-content\/uploads\/2025\/02\/Plantilla_webp_retratos-3.webp 1000w, https:\/\/marin-artist.com\/wp-content\/uploads\/2025\/02\/Plantilla_webp_retratos-3-300x300.webp 300w, https:\/\/marin-artist.com\/wp-content\/uploads\/2025\/02\/Plantilla_webp_retratos-3-150x150.webp 150w, https:\/\/marin-artist.com\/wp-content\/uploads\/2025\/02\/Plantilla_webp_retratos-3-768x768.webp 768w, https:\/\/marin-artist.com\/wp-content\/uploads\/2025\/02\/Plantilla_webp_retratos-3-12x12.webp 12w\" sizes=\"(max-width: 800px) 100vw, 800px\" \/>\t\t\t\t\t\t\t\t\t\t\t\t\t\t\t<\/div>\n\t\t\t\t\t<\/div>\n\t\t<\/div>\n\t\t\t\t<div class=\"elementor-column elementor-col-25 elementor-inner-column elementor-element elementor-element-50f9a966\" data-id=\"50f9a966\" data-element_type=\"column\" data-e-type=\"column\">\n\t\t\t<div class=\"elementor-widget-wrap elementor-element-populated\">\n\t\t\t\t\t\t<div class=\"elementor-element elementor-element-18ed4bec elementor-widget elementor-widget-image\" data-id=\"18ed4bec\" data-element_type=\"widget\" data-e-type=\"widget\" data-widget_type=\"image.default\">\n\t\t\t\t\t\t\t\t\t\t\t\t\t\t\t<img decoding=\"async\" width=\"800\" height=\"800\" src=\"https:\/\/marin-artist.com\/wp-content\/uploads\/2025\/02\/Plantilla_webp_retratos-1.webp\" class=\"attachment-large size-large wp-image-4711\" alt=\"karikaturist Marin. Live karikaturen in feestjes en evenementen.\" srcset=\"https:\/\/marin-artist.com\/wp-content\/uploads\/2025\/02\/Plantilla_webp_retratos-1.webp 1000w, https:\/\/marin-artist.com\/wp-content\/uploads\/2025\/02\/Plantilla_webp_retratos-1-300x300.webp 300w, https:\/\/marin-artist.com\/wp-content\/uploads\/2025\/02\/Plantilla_webp_retratos-1-150x150.webp 150w, https:\/\/marin-artist.com\/wp-content\/uploads\/2025\/02\/Plantilla_webp_retratos-1-768x768.webp 768w, https:\/\/marin-artist.com\/wp-content\/uploads\/2025\/02\/Plantilla_webp_retratos-1-12x12.webp 12w\" sizes=\"(max-width: 800px) 100vw, 800px\" \/>\t\t\t\t\t\t\t\t\t\t\t\t\t\t\t<\/div>\n\t\t\t\t\t<\/div>\n\t\t<\/div>\n\t\t\t\t<div class=\"elementor-column elementor-col-25 elementor-inner-column elementor-element elementor-element-764efaf9\" data-id=\"764efaf9\" data-element_type=\"column\" data-e-type=\"column\" data-settings=\"{&quot;background_background&quot;:&quot;classic&quot;}\">\n\t\t\t<div class=\"elementor-widget-wrap elementor-element-populated\">\n\t\t\t\t\t\t<div class=\"elementor-element elementor-element-416fab2c elementor-widget elementor-widget-image\" data-id=\"416fab2c\" data-element_type=\"widget\" data-e-type=\"widget\" data-widget_type=\"image.default\">\n\t\t\t\t\t\t\t\t\t\t\t\t\t\t\t<img loading=\"lazy\" decoding=\"async\" width=\"800\" height=\"800\" src=\"https:\/\/marin-artist.com\/wp-content\/uploads\/2025\/02\/Plantilla_webp_retratos-2.webp\" class=\"attachment-large size-large wp-image-4712\" alt=\"karikaturist Marin. Live karikaturen in feestjes en evenementen.\" srcset=\"https:\/\/marin-artist.com\/wp-content\/uploads\/2025\/02\/Plantilla_webp_retratos-2.webp 1000w, https:\/\/marin-artist.com\/wp-content\/uploads\/2025\/02\/Plantilla_webp_retratos-2-300x300.webp 300w, https:\/\/marin-artist.com\/wp-content\/uploads\/2025\/02\/Plantilla_webp_retratos-2-150x150.webp 150w, https:\/\/marin-artist.com\/wp-content\/uploads\/2025\/02\/Plantilla_webp_retratos-2-768x768.webp 768w, https:\/\/marin-artist.com\/wp-content\/uploads\/2025\/02\/Plantilla_webp_retratos-2-12x12.webp 12w\" sizes=\"(max-width: 800px) 100vw, 800px\" \/>\t\t\t\t\t\t\t\t\t\t\t\t\t\t\t<\/div>\n\t\t\t\t\t<\/div>\n\t\t<\/div>\n\t\t\t\t\t<\/div>\n\t\t<\/section>\n\t\t\t\t<section class=\"elementor-section elementor-top-section elementor-element elementor-element-15168f0 elementor-reverse-mobile elementor-section-boxed elementor-section-height-default elementor-section-height-default\" data-id=\"15168f0\" data-element_type=\"section\" data-e-type=\"section\">\n\t\t\t\t\t\t<div class=\"elementor-container elementor-column-gap-default\">\n\t\t\t\t\t<div class=\"elementor-column elementor-col-50 elementor-top-column elementor-element elementor-element-48384b1\" data-id=\"48384b1\" data-element_type=\"column\" data-e-type=\"column\">\n\t\t\t<div class=\"elementor-widget-wrap elementor-element-populated\">\n\t\t\t\t\t\t<section class=\"elementor-section elementor-inner-section elementor-element elementor-element-3864400 elementor-section-boxed elementor-section-height-default elementor-section-height-default\" data-id=\"3864400\" data-element_type=\"section\" data-e-type=\"section\">\n\t\t\t\t\t\t<div class=\"elementor-container elementor-column-gap-default\">\n\t\t\t\t\t<div class=\"elementor-column elementor-col-100 elementor-inner-column elementor-element elementor-element-17d39ae\" data-id=\"17d39ae\" data-element_type=\"column\" data-e-type=\"column\" data-settings=\"{&quot;background_background&quot;:&quot;classic&quot;}\">\n\t\t\t<div class=\"elementor-widget-wrap elementor-element-populated\">\n\t\t\t\t\t\t\t<\/div>\n\t\t<\/div>\n\t\t\t\t\t<\/div>\n\t\t<\/section>\n\t\t\t\t<section class=\"elementor-section elementor-inner-section elementor-element elementor-element-55825a3 elementor-section-boxed elementor-section-height-default elementor-section-height-default\" data-id=\"55825a3\" data-element_type=\"section\" data-e-type=\"section\">\n\t\t\t\t\t\t<div class=\"elementor-container elementor-column-gap-default\">\n\t\t\t\t\t<div class=\"elementor-column elementor-col-100 elementor-inner-column elementor-element elementor-element-26b1dec\" data-id=\"26b1dec\" data-element_type=\"column\" data-e-type=\"column\" data-settings=\"{&quot;background_background&quot;:&quot;classic&quot;}\">\n\t\t\t<div class=\"elementor-widget-wrap elementor-element-populated\">\n\t\t\t\t\t\t\t<\/div>\n\t\t<\/div>\n\t\t\t\t\t<\/div>\n\t\t<\/section>\n\t\t\t\t\t<\/div>\n\t\t<\/div>\n\t\t\t\t<div class=\"elementor-column elementor-col-50 elementor-top-column elementor-element elementor-element-738c525\" data-id=\"738c525\" data-element_type=\"column\" data-e-type=\"column\">\n\t\t\t<div class=\"elementor-widget-wrap elementor-element-populated\">\n\t\t\t\t\t\t<div class=\"elementor-element elementor-element-4c4231f elementor-widget elementor-widget-heading\" data-id=\"4c4231f\" data-element_type=\"widget\" data-e-type=\"widget\" data-widget_type=\"heading.default\">\n\t\t\t\t\t<h1 class=\"elementor-heading-title elementor-size-default\">\u00bfQui\u00e9n soy yo?<\/h1>\t\t\t\t<\/div>\n\t\t\t\t<div class=\"elementor-element elementor-element-f4a96f8 elementor-widget elementor-widget-global elementor-global-1042 elementor-widget-image\" data-id=\"f4a96f8\" data-element_type=\"widget\" data-e-type=\"widget\" data-widget_type=\"image.default\">\n\t\t\t\t\t\t\t\t\t\t\t\t\t\t\t<img loading=\"lazy\" decoding=\"async\" width=\"162\" height=\"152\" src=\"https:\/\/marin-artist.com\/wp-content\/uploads\/2020\/07\/Path-1@2x.png\" class=\"attachment-full size-full wp-image-466\" alt=\"\" \/>\t\t\t\t\t\t\t\t\t\t\t\t\t\t\t<\/div>\n\t\t\t\t<div class=\"elementor-element elementor-element-0d8eb0d elementor-widget elementor-widget-text-editor\" data-id=\"0d8eb0d\" data-element_type=\"widget\" data-e-type=\"widget\" data-no-translation=\"\" data-widget_type=\"text-editor.default\">\n\t\t\t\t\t<style>.elementor-element-0d8eb0d{display:none !important}<\/style>\t\t\t\t<\/div>\n\t\t\t\t<div class=\"elementor-element elementor-element-261e346 elementor-widget elementor-widget-text-editor\" data-id=\"261e346\" data-element_type=\"widget\" data-e-type=\"widget\" data-no-translation=\"\" data-widget_type=\"text-editor.default\">\n\t\t\t\t\t<style>.elementor-element-261e346{display:none !important}<\/style>\t\t\t\t<\/div>\n\t\t\t\t<div class=\"elementor-element elementor-element-0b6b0a4 elementor-widget elementor-widget-text-editor\" data-id=\"0b6b0a4\" data-element_type=\"widget\" data-e-type=\"widget\" data-no-translation=\"\" data-widget_type=\"text-editor.default\">\n\t\t\t\t\t\t\t\t\t<p>Ignacio Alfonso Mar\u00edn de Espinosa S\u00e1nchez es mi nombre, pero me puedes llamar <strong>Mar\u00edn<\/strong>. Es m\u00e1s f\u00e1cil. Soy un <strong>dibujante<\/strong> de la ciudad espa\u00f1ola de Murcia. Actualmente vivo en Lovaina, una ciudad belga, y trabajo como caricaturista, cartoonista y retratista en B\u00e9lgica y Holanda.<br>\u00bfPor qu\u00e9 me he especializado en <strong>caricaturas y retratos<\/strong>? Porque me gusta buscar lo que caracteriza a alguien. En eventos intento dibujar en cinco minutos esos mofletes, esa nariz puntiaguda o esa sonrisa de oreja a oreja. Un reto fant\u00e1stico, \u00bfverdad?<\/p>\n<h3>C\u00f3mo un d\u00eda empez\u00f3 todo<\/h3>\n<p>Desde ni\u00f1o ya lo sab\u00eda. Un d\u00eda quer\u00eda ser dibujante. Durante horas pod\u00eda estar mirando a los dibujantes en las playas espa\u00f1olas y pronto comenc\u00e9 a <strong>desear dibujar yo mismo<\/strong>. Por lo tanto, en la escuela, mis cuadernos estaban llenos de dibujos y con ocho a\u00f1os gan\u00e9 mi primer concurso de dibujo.<\/p>\n<p>Toda mi vida he estado rodeado de arte. Por eso, era l\u00f3gico que estudiara <strong>Historia del Arte<\/strong> en la universidad. En la ciudad espa\u00f1ola de Cartagena trabaj\u00e9 en el <a href=\"https:\/\/www.museosregiondemurcia.es\/museo-regional-de-arte-moderno-de-cartagena\" target=\"_blank\" rel=\"noopener\">Museo Regional de Arte Moderno<\/a>. As\u00ed conoc\u00ed a artistas de todo el mundo y cada vez m\u00e1s yo tambi\u00e9n quer\u00eda ser artista.<\/p>\n<p>Poco a poco mis sue\u00f1os se hicieron realidad. En diciembre de 2013 organic\u00e9 mi primera exposici\u00f3n individual de <strong>retratos realistas<\/strong>. Luego, descubr\u00ed las obras de arte de <a href=\"https:\/\/www.dzimirsky.com\/\" target=\"_blank\" rel=\"noopener\">Dirk Dzimirsky<\/a> y fui a su <a href=\"https:\/\/www.hyperrealism-art.com\/\" target=\"_blank\" rel=\"noopener\">taller &#8216;dibujar retratos hiperrealistas&#8217;<\/a> en Alemania. As\u00ed consegu\u00ed mejorar mi t\u00e9cnica.<\/p>\t\t\t\t\t\t\t\t<\/div>\n\t\t\t\t\t<\/div>\n\t\t<\/div>\n\t\t\t\t\t<\/div>\n\t\t<\/section>\n\t\t\t\t<section class=\"elementor-section elementor-top-section elementor-element elementor-element-77608fa elementor-section-boxed elementor-section-height-default elementor-section-height-default\" data-id=\"77608fa\" data-element_type=\"section\" data-e-type=\"section\">\n\t\t\t\t\t\t<div class=\"elementor-container elementor-column-gap-default\">\n\t\t\t\t\t<div class=\"elementor-column elementor-col-100 elementor-top-column elementor-element elementor-element-77e722c\" data-id=\"77e722c\" data-element_type=\"column\" data-e-type=\"column\">\n\t\t\t<div class=\"elementor-widget-wrap elementor-element-populated\">\n\t\t\t\t\t\t<div class=\"elementor-element elementor-element-416a34e elementor-widget elementor-widget-text-editor\" data-id=\"416a34e\" data-element_type=\"widget\" data-e-type=\"widget\" data-no-translation=\"\" data-widget_type=\"text-editor.default\">\n\t\t\t\t\t<style>.elementor-element-416a34e{display:none !important}<\/style>\t\t\t\t<\/div>\n\t\t\t\t<div class=\"elementor-element elementor-element-2217a66 elementor-widget elementor-widget-text-editor\" data-id=\"2217a66\" data-element_type=\"widget\" data-e-type=\"widget\" data-no-translation=\"\" data-widget_type=\"text-editor.default\">\n\t\t\t\t\t<style>.elementor-element-2217a66{display:none !important}<\/style>\t\t\t\t<\/div>\n\t\t\t\t<div class=\"elementor-element elementor-element-52cd803 elementor-widget elementor-widget-text-editor\" data-id=\"52cd803\" data-element_type=\"widget\" data-e-type=\"widget\" data-no-translation=\"\" data-widget_type=\"text-editor.default\">\n\t\t\t\t\t\t\t\t\t<h3>La aventura en B\u00e9lgica: El puesto de caricaturas<\/h3><p>En 2014 me mud\u00e9 a Lovaina en la provincia de Brabante Flamenco, cerca de Bruselas. Aqu\u00ed a la gente le gustan las caricaturas y los cartoons, y pronto pude trabajar como <strong>caricaturista profesional<\/strong> en numerosos <strong>eventos<\/strong>. Actualmente estoy contratado como animador en ferias, eventos deportivos, fiestas infantiles, fiestas de cumplea\u00f1os, fiestas de comuni\u00f3n, bodas, fiestas de empresa y en residencias de ancianos. \u00a1Donde sea! Porque tanto los j\u00f3venes como los mayores disfrutan de una caricatura graciosa.<\/p><p>En el centro de Lovaina tengo un peque\u00f1o <strong>estudio<\/strong> acogedor. All\u00ed paso el tiempo dibujando y pintando durante los largos inviernos belgas, con una taza de t\u00e9 a mi lado para entrar en calor. Dibujo caricaturas por encargo, retratos, paisajes y cuadros abstractos. Me encanta dibujar <strong>caricaturas en grupo para empresas y organizaciones<\/strong>. Dibujar todos los compa\u00f1eros de trabajo juntos causa muchas risas. Para <strong>los encargos de caricaturas individuales<\/strong> me gusta saber una caracter\u00edstica del modelo. As\u00ed puedo dibujar una caricatura personalizada.<\/p><p>Para terminar, ya he trabajado como <strong>cartoonista<\/strong> para <a href=\"https:\/\/www.leuven.be\/contact\/jeugddienst\" target=\"_blank\" rel=\"noopener\">Kindermagazine, Jeugddienst Leuven<\/a> (una revista para ni\u00f1os, publicada por la ciudad de Lovaina). En el <a href=\"https:\/\/www.leuven.be\/buurtcentrum-mannenstraat\" target=\"_blank\" rel=\"noopener\">Buurtcentrum Mannenstraat<\/a> (el centro de vecinos al lado de mi casa) ya he organizado algunas veces el <strong>curso \u2018aprender a dibujar\u2019<\/strong>. Tambi\u00e9n he dado clases a <a href=\"https:\/\/www.instagram.com\/deblindemuur\/\" target=\"_blank\" rel=\"noopener\">De Blinde Muur<\/a>, un grupo de pintores de Kortenberg, un pueblo belga.<\/p>\t\t\t\t\t\t\t\t<\/div>\n\t\t\t\t\t<\/div>\n\t\t<\/div>\n\t\t\t\t\t<\/div>\n\t\t<\/section>\n\t\t\t\t<\/div>","protected":false},"excerpt":{"rendered":"<p>Wie ben ik? Ignacio Alfonso Mar\u00edn de Espinosa S\u00e1nchez is mijn naam, maar zeg maar Mar\u00edn. Dat is makkelijker. Ik ben een tekenaar afkomstig uit de Spaanse stad Murcia. Momenteel woon ik in Leuven en werk ik als karikaturist, cartoonist en portrettekenaar in Belgi\u00eb en Nederland. Waarom ik me gespecialiseerd heb in karikaturen en portretten? [&hellip;]<\/p>\n","protected":false},"author":1,"featured_media":0,"parent":0,"menu_order":0,"comment_status":"closed","ping_status":"closed","template":"","meta":{"_acf_changed":false,"footnotes":""},"class_list":["post-295","page","type-page","status-publish","hentry"],"acf":[],"yoast_head":"<!-- This site is optimized with the Yoast SEO plugin v27.1.1 - https:\/\/yoast.com\/product\/yoast-seo-wordpress\/ -->\n<title>Wie ben ik? - Karikaturist en portrettekenaar Mar\u00edn<\/title>\n<meta name=\"description\" content=\"Mar\u00edn is mijn naam. Tekenen is mijn passie. Grappige karikaturen en realistische portretten zijn mijn specialiteiten.\" \/>\n<meta name=\"robots\" content=\"index, follow, max-snippet:-1, max-image-preview:large, max-video-preview:-1\" \/>\n<link rel=\"canonical\" href=\"https:\/\/marin-artist.com\/es\/artiest\/\" \/>\n<meta property=\"og:locale\" content=\"es_ES\" \/>\n<meta property=\"og:type\" content=\"article\" \/>\n<meta property=\"og:title\" content=\"Wie ben ik? - Karikaturist en portrettekenaar Mar\u00edn\" \/>\n<meta property=\"og:description\" content=\"Mar\u00edn is mijn naam. Tekenen is mijn passie. Grappige karikaturen en realistische portretten zijn mijn specialiteiten.\" \/>\n<meta property=\"og:url\" content=\"https:\/\/marin-artist.com\/es\/artiest\/\" \/>\n<meta property=\"og:site_name\" content=\"Welkom | Karikaturist en portrettekenaar Mar\u00edn\" \/>\n<meta property=\"article:publisher\" content=\"https:\/\/www.facebook.com\/marin.artist.caricatures\/\" \/>\n<meta property=\"article:modified_time\" content=\"2025-03-06T10:18:53+00:00\" \/>\n<meta property=\"og:image\" content=\"https:\/\/marin-artist.com\/wp-content\/uploads\/2025\/02\/Plantilla_webp_retratos-3-1.webp\" \/>\n\t<meta property=\"og:image:width\" content=\"1000\" \/>\n\t<meta property=\"og:image:height\" content=\"1000\" \/>\n\t<meta property=\"og:image:type\" content=\"image\/webp\" \/>\n<meta name=\"twitter:card\" content=\"summary_large_image\" \/>\n<script type=\"application\/ld+json\" class=\"yoast-schema-graph\">{\"@context\":\"https:\/\/schema.org\",\"@graph\":[{\"@type\":\"WebPage\",\"@id\":\"https:\/\/marin-artist.com\/artiest\/\",\"url\":\"https:\/\/marin-artist.com\/artiest\/\",\"name\":\"Wie ben ik? - Karikaturist en portrettekenaar Mar\u00edn\",\"isPartOf\":{\"@id\":\"https:\/\/marin-artist.com\/#website\"},\"primaryImageOfPage\":{\"@id\":\"https:\/\/marin-artist.com\/artiest\/#primaryimage\"},\"image\":{\"@id\":\"https:\/\/marin-artist.com\/artiest\/#primaryimage\"},\"thumbnailUrl\":\"https:\/\/marin-artist.com\/wp-content\/uploads\/2025\/02\/Plantilla_webp_retratos-3-1.webp\",\"datePublished\":\"2020-07-23T08:31:17+00:00\",\"dateModified\":\"2025-03-06T10:18:53+00:00\",\"description\":\"Mar\u00edn is mijn naam. Tekenen is mijn passie. Grappige karikaturen en realistische portretten zijn mijn specialiteiten.\",\"breadcrumb\":{\"@id\":\"https:\/\/marin-artist.com\/artiest\/#breadcrumb\"},\"inLanguage\":\"es\",\"potentialAction\":[{\"@type\":\"ReadAction\",\"target\":[\"https:\/\/marin-artist.com\/artiest\/\"]}]},{\"@type\":\"ImageObject\",\"inLanguage\":\"es\",\"@id\":\"https:\/\/marin-artist.com\/artiest\/#primaryimage\",\"url\":\"https:\/\/marin-artist.com\/wp-content\/uploads\/2025\/02\/Plantilla_webp_retratos-3-1.webp\",\"contentUrl\":\"https:\/\/marin-artist.com\/wp-content\/uploads\/2025\/02\/Plantilla_webp_retratos-3-1.webp\"},{\"@type\":\"BreadcrumbList\",\"@id\":\"https:\/\/marin-artist.com\/artiest\/#breadcrumb\",\"itemListElement\":[{\"@type\":\"ListItem\",\"position\":1,\"name\":\"Home\",\"item\":\"https:\/\/marin-artist.com\/\"},{\"@type\":\"ListItem\",\"position\":2,\"name\":\"Artiest\"}]},{\"@type\":\"WebSite\",\"@id\":\"https:\/\/marin-artist.com\/#website\",\"url\":\"https:\/\/marin-artist.com\/\",\"name\":\"Welkom | Karikaturist en portrettekenaar Martin\",\"description\":\"Live karikaturen op feestjes en evenementen.\",\"publisher\":{\"@id\":\"https:\/\/marin-artist.com\/#organization\"},\"potentialAction\":[{\"@type\":\"SearchAction\",\"target\":{\"@type\":\"EntryPoint\",\"urlTemplate\":\"https:\/\/marin-artist.com\/?s={search_term_string}\"},\"query-input\":{\"@type\":\"PropertyValueSpecification\",\"valueRequired\":true,\"valueName\":\"search_term_string\"}}],\"inLanguage\":\"es\"},{\"@type\":\"Organization\",\"@id\":\"https:\/\/marin-artist.com\/#organization\",\"name\":\"Marin Artist\",\"url\":\"https:\/\/marin-artist.com\/\",\"logo\":{\"@type\":\"ImageObject\",\"inLanguage\":\"es\",\"@id\":\"https:\/\/marin-artist.com\/#\/schema\/logo\/image\/\",\"url\":\"https:\/\/marin-artist.com\/wp-content\/uploads\/2020\/07\/karikaturist-karikatuur-marin-animatie.jpg\",\"contentUrl\":\"https:\/\/marin-artist.com\/wp-content\/uploads\/2020\/07\/karikaturist-karikatuur-marin-animatie.jpg\",\"width\":1500,\"height\":1321,\"caption\":\"Marin Artist\"},\"image\":{\"@id\":\"https:\/\/marin-artist.com\/#\/schema\/logo\/image\/\"},\"sameAs\":[\"https:\/\/www.facebook.com\/marin.artist.caricatures\/\",\"https:\/\/www.instagram.com\/marin_artist\/\",\"https:\/\/nl.pinterest.com\/ignaciomarindeespinosaartist\/_saved\/\",\"https:\/\/www.youtube.com\/channel\/UCdCBWLJFitpcsIhYQ6IVmYA\"]}]}<\/script>\n<!-- \/ Yoast SEO plugin. -->","yoast_head_json":{"title":"\u00bfQui\u00e9n soy yo? - Caricaturista y retratista Mar\u00edn","description":"Mar\u00edn es mi nombre. Dibujar es mi pasi\u00f3n. Caricaturas graciosas y retratos realistas son mis especializaciones.","robots":{"index":"index","follow":"follow","max-snippet":"max-snippet:-1","max-image-preview":"max-image-preview:large","max-video-preview":"max-video-preview:-1"},"canonical":"https:\/\/marin-artist.com\/es\/artiest\/","og_locale":"es_ES","og_type":"article","og_title":"Wie ben ik? - Karikaturist en portrettekenaar Mar\u00edn","og_description":"Mar\u00edn is mijn naam. Tekenen is mijn passie. Grappige karikaturen en realistische portretten zijn mijn specialiteiten.","og_url":"https:\/\/marin-artist.com\/es\/artiest\/","og_site_name":"Welkom | Karikaturist en portrettekenaar Mar\u00edn","article_publisher":"https:\/\/www.facebook.com\/marin.artist.caricatures\/","article_modified_time":"2025-03-06T10:18:53+00:00","og_image":[{"width":1000,"height":1000,"url":"https:\/\/marin-artist.com\/wp-content\/uploads\/2025\/02\/Plantilla_webp_retratos-3-1.webp","type":"image\/webp"}],"twitter_card":"summary_large_image","schema":{"@context":"https:\/\/schema.org","@graph":[{"@type":"WebPage","@id":"https:\/\/marin-artist.com\/artiest\/","url":"https:\/\/marin-artist.com\/artiest\/","name":"\u00bfQui\u00e9n soy yo? - Caricaturista y retratista Mar\u00edn","isPartOf":{"@id":"https:\/\/marin-artist.com\/#website"},"primaryImageOfPage":{"@id":"https:\/\/marin-artist.com\/artiest\/#primaryimage"},"image":{"@id":"https:\/\/marin-artist.com\/artiest\/#primaryimage"},"thumbnailUrl":"https:\/\/marin-artist.com\/wp-content\/uploads\/2025\/02\/Plantilla_webp_retratos-3-1.webp","datePublished":"2020-07-23T08:31:17+00:00","dateModified":"2025-03-06T10:18:53+00:00","description":"Mar\u00edn es mi nombre. Dibujar es mi pasi\u00f3n. Caricaturas graciosas y retratos realistas son mis especializaciones.","breadcrumb":{"@id":"https:\/\/marin-artist.com\/artiest\/#breadcrumb"},"inLanguage":"es","potentialAction":[{"@type":"ReadAction","target":["https:\/\/marin-artist.com\/artiest\/"]}]},{"@type":"ImageObject","inLanguage":"es","@id":"https:\/\/marin-artist.com\/artiest\/#primaryimage","url":"https:\/\/marin-artist.com\/wp-content\/uploads\/2025\/02\/Plantilla_webp_retratos-3-1.webp","contentUrl":"https:\/\/marin-artist.com\/wp-content\/uploads\/2025\/02\/Plantilla_webp_retratos-3-1.webp"},{"@type":"BreadcrumbList","@id":"https:\/\/marin-artist.com\/artiest\/#breadcrumb","itemListElement":[{"@type":"ListItem","position":1,"name":"Home","item":"https:\/\/marin-artist.com\/"},{"@type":"ListItem","position":2,"name":"Artiest"}]},{"@type":"WebSite","@id":"https:\/\/marin-artist.com\/#website","url":"https:\/\/marin-artist.com\/","name":"Welkom | Karikaturist en portrettekenaar Martin","description":"Live karikaturen op feestjes en evenementen.","publisher":{"@id":"https:\/\/marin-artist.com\/#organization"},"potentialAction":[{"@type":"SearchAction","target":{"@type":"EntryPoint","urlTemplate":"https:\/\/marin-artist.com\/?s={search_term_string}"},"query-input":{"@type":"PropertyValueSpecification","valueRequired":true,"valueName":"search_term_string"}}],"inLanguage":"es"},{"@type":"Organization","@id":"https:\/\/marin-artist.com\/#organization","name":"Marin Artist","url":"https:\/\/marin-artist.com\/","logo":{"@type":"ImageObject","inLanguage":"es","@id":"https:\/\/marin-artist.com\/#\/schema\/logo\/image\/","url":"https:\/\/marin-artist.com\/wp-content\/uploads\/2020\/07\/karikaturist-karikatuur-marin-animatie.jpg","contentUrl":"https:\/\/marin-artist.com\/wp-content\/uploads\/2020\/07\/karikaturist-karikatuur-marin-animatie.jpg","width":1500,"height":1321,"caption":"Marin Artist"},"image":{"@id":"https:\/\/marin-artist.com\/#\/schema\/logo\/image\/"},"sameAs":["https:\/\/www.facebook.com\/marin.artist.caricatures\/","https:\/\/www.instagram.com\/marin_artist\/","https:\/\/nl.pinterest.com\/ignaciomarindeespinosaartist\/_saved\/","https:\/\/www.youtube.com\/channel\/UCdCBWLJFitpcsIhYQ6IVmYA"]}]}},"_links":{"self":[{"href":"https:\/\/marin-artist.com\/es\/wp-json\/wp\/v2\/pages\/295","targetHints":{"allow":["GET"]}}],"collection":[{"href":"https:\/\/marin-artist.com\/es\/wp-json\/wp\/v2\/pages"}],"about":[{"href":"https:\/\/marin-artist.com\/es\/wp-json\/wp\/v2\/types\/page"}],"author":[{"embeddable":true,"href":"https:\/\/marin-artist.com\/es\/wp-json\/wp\/v2\/users\/1"}],"replies":[{"embeddable":true,"href":"https:\/\/marin-artist.com\/es\/wp-json\/wp\/v2\/comments?post=295"}],"version-history":[{"count":106,"href":"https:\/\/marin-artist.com\/es\/wp-json\/wp\/v2\/pages\/295\/revisions"}],"predecessor-version":[{"id":4785,"href":"https:\/\/marin-artist.com\/es\/wp-json\/wp\/v2\/pages\/295\/revisions\/4785"}],"wp:attachment":[{"href":"https:\/\/marin-artist.com\/es\/wp-json\/wp\/v2\/media?parent=295"}],"curies":[{"name":"wp","href":"https:\/\/api.w.org\/{rel}","templated":true}]}}