{"id":295,"date":"2020-07-23T08:31:17","date_gmt":"2020-07-23T08:31:17","guid":{"rendered":"https:\/\/marin-artist.com\/?page_id=295"},"modified":"2025-03-06T10:18:53","modified_gmt":"2025-03-06T10:18:53","slug":"artiest","status":"publish","type":"page","link":"https:\/\/marin-artist.com\/en\/artiest\/","title":{"rendered":"Artist"},"content":{"rendered":"<div data-elementor-type=\"wp-page\" data-elementor-id=\"295\" class=\"elementor elementor-295\" data-elementor-post-type=\"page\">\n\t\t\t\t\t\t<section class=\"elementor-section elementor-inner-section elementor-element elementor-element-855fa56 elementor-reverse-mobile elementor-section-boxed elementor-section-height-default elementor-section-height-default\" data-id=\"855fa56\" data-element_type=\"section\" data-e-type=\"section\">\n\t\t\t\t\t\t<div class=\"elementor-container elementor-column-gap-default\">\n\t\t\t\t\t<div class=\"elementor-column elementor-col-25 elementor-inner-column elementor-element elementor-element-53365ec2\" data-id=\"53365ec2\" data-element_type=\"column\" data-e-type=\"column\">\n\t\t\t<div class=\"elementor-widget-wrap elementor-element-populated\">\n\t\t\t\t\t\t<div class=\"elementor-element elementor-element-1064f185 elementor-widget elementor-widget-image\" data-id=\"1064f185\" data-element_type=\"widget\" data-e-type=\"widget\" data-widget_type=\"image.default\">\n\t\t\t\t\t\t\t\t\t\t\t\t\t\t\t<img fetchpriority=\"high\" decoding=\"async\" width=\"800\" height=\"800\" src=\"https:\/\/marin-artist.com\/wp-content\/uploads\/2025\/02\/Plantilla_webp_retratos-3-1.webp\" class=\"attachment-large size-large wp-image-4716\" alt=\"karikaturist Marin. Live karikaturen in feestjes en evenementen.\" srcset=\"https:\/\/marin-artist.com\/wp-content\/uploads\/2025\/02\/Plantilla_webp_retratos-3-1.webp 1000w, https:\/\/marin-artist.com\/wp-content\/uploads\/2025\/02\/Plantilla_webp_retratos-3-1-300x300.webp 300w, https:\/\/marin-artist.com\/wp-content\/uploads\/2025\/02\/Plantilla_webp_retratos-3-1-150x150.webp 150w, https:\/\/marin-artist.com\/wp-content\/uploads\/2025\/02\/Plantilla_webp_retratos-3-1-768x768.webp 768w, https:\/\/marin-artist.com\/wp-content\/uploads\/2025\/02\/Plantilla_webp_retratos-3-1-12x12.webp 12w\" sizes=\"(max-width: 800px) 100vw, 800px\" \/>\t\t\t\t\t\t\t\t\t\t\t\t\t\t\t<\/div>\n\t\t\t\t\t<\/div>\n\t\t<\/div>\n\t\t\t\t<div class=\"elementor-column elementor-col-25 elementor-inner-column elementor-element elementor-element-354e15f8\" data-id=\"354e15f8\" data-element_type=\"column\" data-e-type=\"column\">\n\t\t\t<div class=\"elementor-widget-wrap elementor-element-populated\">\n\t\t\t\t\t\t<div class=\"elementor-element elementor-element-6aeafb50 elementor-widget elementor-widget-image\" data-id=\"6aeafb50\" data-element_type=\"widget\" data-e-type=\"widget\" data-widget_type=\"image.default\">\n\t\t\t\t\t\t\t\t\t\t\t\t\t\t\t<img decoding=\"async\" width=\"800\" height=\"800\" src=\"https:\/\/marin-artist.com\/wp-content\/uploads\/2025\/02\/Plantilla_webp_retratos-3.webp\" class=\"attachment-large size-large wp-image-4714\" alt=\"karikaturist Marin. Live karikaturen in feestjes en evenementen.\" srcset=\"https:\/\/marin-artist.com\/wp-content\/uploads\/2025\/02\/Plantilla_webp_retratos-3.webp 1000w, https:\/\/marin-artist.com\/wp-content\/uploads\/2025\/02\/Plantilla_webp_retratos-3-300x300.webp 300w, https:\/\/marin-artist.com\/wp-content\/uploads\/2025\/02\/Plantilla_webp_retratos-3-150x150.webp 150w, https:\/\/marin-artist.com\/wp-content\/uploads\/2025\/02\/Plantilla_webp_retratos-3-768x768.webp 768w, https:\/\/marin-artist.com\/wp-content\/uploads\/2025\/02\/Plantilla_webp_retratos-3-12x12.webp 12w\" sizes=\"(max-width: 800px) 100vw, 800px\" \/>\t\t\t\t\t\t\t\t\t\t\t\t\t\t\t<\/div>\n\t\t\t\t\t<\/div>\n\t\t<\/div>\n\t\t\t\t<div class=\"elementor-column elementor-col-25 elementor-inner-column elementor-element elementor-element-50f9a966\" data-id=\"50f9a966\" data-element_type=\"column\" data-e-type=\"column\">\n\t\t\t<div class=\"elementor-widget-wrap elementor-element-populated\">\n\t\t\t\t\t\t<div class=\"elementor-element elementor-element-18ed4bec elementor-widget elementor-widget-image\" data-id=\"18ed4bec\" data-element_type=\"widget\" data-e-type=\"widget\" data-widget_type=\"image.default\">\n\t\t\t\t\t\t\t\t\t\t\t\t\t\t\t<img decoding=\"async\" width=\"800\" height=\"800\" src=\"https:\/\/marin-artist.com\/wp-content\/uploads\/2025\/02\/Plantilla_webp_retratos-1.webp\" class=\"attachment-large size-large wp-image-4711\" alt=\"karikaturist Marin. Live karikaturen in feestjes en evenementen.\" srcset=\"https:\/\/marin-artist.com\/wp-content\/uploads\/2025\/02\/Plantilla_webp_retratos-1.webp 1000w, https:\/\/marin-artist.com\/wp-content\/uploads\/2025\/02\/Plantilla_webp_retratos-1-300x300.webp 300w, https:\/\/marin-artist.com\/wp-content\/uploads\/2025\/02\/Plantilla_webp_retratos-1-150x150.webp 150w, https:\/\/marin-artist.com\/wp-content\/uploads\/2025\/02\/Plantilla_webp_retratos-1-768x768.webp 768w, https:\/\/marin-artist.com\/wp-content\/uploads\/2025\/02\/Plantilla_webp_retratos-1-12x12.webp 12w\" sizes=\"(max-width: 800px) 100vw, 800px\" \/>\t\t\t\t\t\t\t\t\t\t\t\t\t\t\t<\/div>\n\t\t\t\t\t<\/div>\n\t\t<\/div>\n\t\t\t\t<div class=\"elementor-column elementor-col-25 elementor-inner-column elementor-element elementor-element-764efaf9\" data-id=\"764efaf9\" data-element_type=\"column\" data-e-type=\"column\" data-settings=\"{&quot;background_background&quot;:&quot;classic&quot;}\">\n\t\t\t<div class=\"elementor-widget-wrap elementor-element-populated\">\n\t\t\t\t\t\t<div class=\"elementor-element elementor-element-416fab2c elementor-widget elementor-widget-image\" data-id=\"416fab2c\" data-element_type=\"widget\" data-e-type=\"widget\" data-widget_type=\"image.default\">\n\t\t\t\t\t\t\t\t\t\t\t\t\t\t\t<img loading=\"lazy\" decoding=\"async\" width=\"800\" height=\"800\" src=\"https:\/\/marin-artist.com\/wp-content\/uploads\/2025\/02\/Plantilla_webp_retratos-2.webp\" class=\"attachment-large size-large wp-image-4712\" alt=\"karikaturist Marin. Live karikaturen in feestjes en evenementen.\" srcset=\"https:\/\/marin-artist.com\/wp-content\/uploads\/2025\/02\/Plantilla_webp_retratos-2.webp 1000w, https:\/\/marin-artist.com\/wp-content\/uploads\/2025\/02\/Plantilla_webp_retratos-2-300x300.webp 300w, https:\/\/marin-artist.com\/wp-content\/uploads\/2025\/02\/Plantilla_webp_retratos-2-150x150.webp 150w, https:\/\/marin-artist.com\/wp-content\/uploads\/2025\/02\/Plantilla_webp_retratos-2-768x768.webp 768w, https:\/\/marin-artist.com\/wp-content\/uploads\/2025\/02\/Plantilla_webp_retratos-2-12x12.webp 12w\" sizes=\"(max-width: 800px) 100vw, 800px\" \/>\t\t\t\t\t\t\t\t\t\t\t\t\t\t\t<\/div>\n\t\t\t\t\t<\/div>\n\t\t<\/div>\n\t\t\t\t\t<\/div>\n\t\t<\/section>\n\t\t\t\t<section class=\"elementor-section elementor-top-section elementor-element elementor-element-15168f0 elementor-reverse-mobile elementor-section-boxed elementor-section-height-default elementor-section-height-default\" data-id=\"15168f0\" data-element_type=\"section\" data-e-type=\"section\">\n\t\t\t\t\t\t<div class=\"elementor-container elementor-column-gap-default\">\n\t\t\t\t\t<div class=\"elementor-column elementor-col-50 elementor-top-column elementor-element elementor-element-48384b1\" data-id=\"48384b1\" data-element_type=\"column\" data-e-type=\"column\">\n\t\t\t<div class=\"elementor-widget-wrap elementor-element-populated\">\n\t\t\t\t\t\t<section class=\"elementor-section elementor-inner-section elementor-element elementor-element-3864400 elementor-section-boxed elementor-section-height-default elementor-section-height-default\" data-id=\"3864400\" data-element_type=\"section\" data-e-type=\"section\">\n\t\t\t\t\t\t<div class=\"elementor-container elementor-column-gap-default\">\n\t\t\t\t\t<div class=\"elementor-column elementor-col-100 elementor-inner-column elementor-element elementor-element-17d39ae\" data-id=\"17d39ae\" data-element_type=\"column\" data-e-type=\"column\" data-settings=\"{&quot;background_background&quot;:&quot;classic&quot;}\">\n\t\t\t<div class=\"elementor-widget-wrap elementor-element-populated\">\n\t\t\t\t\t\t\t<\/div>\n\t\t<\/div>\n\t\t\t\t\t<\/div>\n\t\t<\/section>\n\t\t\t\t<section class=\"elementor-section elementor-inner-section elementor-element elementor-element-55825a3 elementor-section-boxed elementor-section-height-default elementor-section-height-default\" data-id=\"55825a3\" data-element_type=\"section\" data-e-type=\"section\">\n\t\t\t\t\t\t<div class=\"elementor-container elementor-column-gap-default\">\n\t\t\t\t\t<div class=\"elementor-column elementor-col-100 elementor-inner-column elementor-element elementor-element-26b1dec\" data-id=\"26b1dec\" data-element_type=\"column\" data-e-type=\"column\" data-settings=\"{&quot;background_background&quot;:&quot;classic&quot;}\">\n\t\t\t<div class=\"elementor-widget-wrap elementor-element-populated\">\n\t\t\t\t\t\t\t<\/div>\n\t\t<\/div>\n\t\t\t\t\t<\/div>\n\t\t<\/section>\n\t\t\t\t\t<\/div>\n\t\t<\/div>\n\t\t\t\t<div class=\"elementor-column elementor-col-50 elementor-top-column elementor-element elementor-element-738c525\" data-id=\"738c525\" data-element_type=\"column\" data-e-type=\"column\">\n\t\t\t<div class=\"elementor-widget-wrap elementor-element-populated\">\n\t\t\t\t\t\t<div class=\"elementor-element elementor-element-4c4231f elementor-widget elementor-widget-heading\" data-id=\"4c4231f\" data-element_type=\"widget\" data-e-type=\"widget\" data-widget_type=\"heading.default\">\n\t\t\t\t\t<h1 class=\"elementor-heading-title elementor-size-default\">Who am I?<\/h1>\t\t\t\t<\/div>\n\t\t\t\t<div class=\"elementor-element elementor-element-f4a96f8 elementor-widget elementor-widget-global elementor-global-1042 elementor-widget-image\" data-id=\"f4a96f8\" data-element_type=\"widget\" data-e-type=\"widget\" data-widget_type=\"image.default\">\n\t\t\t\t\t\t\t\t\t\t\t\t\t\t\t<img loading=\"lazy\" decoding=\"async\" width=\"162\" height=\"152\" src=\"https:\/\/marin-artist.com\/wp-content\/uploads\/2020\/07\/Path-1@2x.png\" class=\"attachment-full size-full wp-image-466\" alt=\"\" \/>\t\t\t\t\t\t\t\t\t\t\t\t\t\t\t<\/div>\n\t\t\t\t<div class=\"elementor-element elementor-element-0d8eb0d elementor-widget elementor-widget-text-editor\" data-id=\"0d8eb0d\" data-element_type=\"widget\" data-e-type=\"widget\" data-no-translation=\"\" data-widget_type=\"text-editor.default\">\n\t\t\t\t\t<style>.elementor-element-0d8eb0d{display:none !important}<\/style>\t\t\t\t<\/div>\n\t\t\t\t<div class=\"elementor-element elementor-element-261e346 elementor-widget elementor-widget-text-editor\" data-id=\"261e346\" data-element_type=\"widget\" data-e-type=\"widget\" data-no-translation=\"\" data-widget_type=\"text-editor.default\">\n\t\t\t\t\t\t\t\t\t<p>Ignacio Alfonso Mar\u00edn de Espinosa S\u00e1nchez is my name, but you can call me <strong>Mar\u00edn<\/strong>. That is easier. I am a <strong>sketch artist<\/strong> from the Spanish city of Murcia. Currently, I live in the city of Louvain in Belgium and I work as a caricaturist, cartoonist and portrait artist in Belgium and the Netherlands.<br \/>Why did I specialize in <strong>caricatures<\/strong> and <strong>portraits<\/strong>? Because I like to look for someone&#8217;s typical features. At events, I try to draw those chubby cheeks, that sharp nose or that smile from ear to ear in only a few minutes. Quite a challenge, right?<\/p><h3>How it once started<\/h3><p>When I was little, I always dreamed of becoming an artist. I could spend hours watching the caricature artists on the Spanish beaches and soon I realized <strong>I wanted to draw too<\/strong>. My school notebooks were full of drawings and at the age of eight I won my very first drawing competition.<\/p><p>Everything in my life revolved around drawing and art. So, the logical next step was to study <strong>art history<\/strong> at the university. In the Spanish city of Cartagena, I worked for the <a href=\"https:\/\/www.museosregiondemurcia.es\/museo-regional-de-arte-moderno-de-cartagena\" target=\"_blank\" rel=\"noopener\">Regional Museum of Modern Art<\/a>. That is how I got to know artists from all over the world which inspired me to chase my dream of becoming an artist myself one day.<\/p><p>Little by little my dream came true. In December 2013, I organized my first individual exhibition of <strong>realistic portraits<\/strong>. Then I discovered <a href=\"https:\/\/www.dzimirsky.com\/\" target=\"_blank\" rel=\"noopener\">Dirk Dzimirsky<\/a>\u2019s works of art and I attended his <a href=\"https:\/\/www.hyperrealism-art.com\/\" target=\"_blank\" rel=\"noopener\">workshop \u2018drawing hyperrealistic portraits\u2019<\/a> in Germany. That is how I improved my technique.<\/p>\t\t\t\t\t\t\t\t<\/div>\n\t\t\t\t<div class=\"elementor-element elementor-element-0b6b0a4 elementor-widget elementor-widget-text-editor\" data-id=\"0b6b0a4\" data-element_type=\"widget\" data-e-type=\"widget\" data-no-translation=\"\" data-widget_type=\"text-editor.default\">\n\t\t\t\t\t<style>.elementor-element-0b6b0a4{display:none !important}<\/style>\t\t\t\t<\/div>\n\t\t\t\t\t<\/div>\n\t\t<\/div>\n\t\t\t\t\t<\/div>\n\t\t<\/section>\n\t\t\t\t<section class=\"elementor-section elementor-top-section elementor-element elementor-element-77608fa elementor-section-boxed elementor-section-height-default elementor-section-height-default\" data-id=\"77608fa\" data-element_type=\"section\" data-e-type=\"section\">\n\t\t\t\t\t\t<div class=\"elementor-container elementor-column-gap-default\">\n\t\t\t\t\t<div class=\"elementor-column elementor-col-100 elementor-top-column elementor-element elementor-element-77e722c\" data-id=\"77e722c\" data-element_type=\"column\" data-e-type=\"column\">\n\t\t\t<div class=\"elementor-widget-wrap elementor-element-populated\">\n\t\t\t\t\t\t<div class=\"elementor-element elementor-element-416a34e elementor-widget elementor-widget-text-editor\" data-id=\"416a34e\" data-element_type=\"widget\" data-e-type=\"widget\" data-no-translation=\"\" data-widget_type=\"text-editor.default\">\n\t\t\t\t\t<style>.elementor-element-416a34e{display:none !important}<\/style>\t\t\t\t<\/div>\n\t\t\t\t<div class=\"elementor-element elementor-element-2217a66 elementor-widget elementor-widget-text-editor\" data-id=\"2217a66\" data-element_type=\"widget\" data-e-type=\"widget\" data-no-translation=\"\" data-widget_type=\"text-editor.default\">\n\t\t\t\t\t\t\t\t\t<h3>The Belgian adventure: The caricature stand<\/h3><p>In 2014, I moved to Louvain in the province of Flemish Brabant, near Brussels. Caricatures and cartoons were popular here, and soon I could work as a <strong>professional caricature artist<\/strong> at all sorts of <strong>events<\/strong>. Currently, they hire me as entertainment at fairs, sports events, children&#8217;s parties, birthday parties, communions, weddings, office parties and in retirement homes. You name it! Caricatures are fun for both young and old.<\/p><p>In the center of Louvain I have a small but cosy <strong>studio<\/strong>. There, I am always painting and drawing during the long, Belgian winters, with a cup of tea by my side to keep me warm. I draw caricatures on demand, portraits, landscapes, and abstract paintings. I love drawing <strong>group caricatures for companies and organisations<\/strong>. It is a blast to put all the colleagues together on paper in a funny way. For the <strong>individual caricatures on demand<\/strong>, I always ask for a characteristic of the model, which I add to the drawing in a fun way.<\/p><p>I have also already worked as a <strong>cartoonist<\/strong> for <a href=\"https:\/\/www.leuven.be\/contact\/jeugddienst\" target=\"_blank\" rel=\"noopener\">Kindermagazine, Jeugddienst Leuven<\/a> (a magazine for children, published by the city of Louvain). In the <a href=\"https:\/\/www.leuven.be\/buurtcentrum-mannenstraat\" target=\"_blank\" rel=\"noopener\">Buurtcentrum Mannenstraat<\/a> (a community center near my house), I organize <strong>classes &#8216;drawing for beginners\u2019<\/strong>. I also gave art classes to <a href=\"https:\/\/www.instagram.com\/deblindemuur\/\" target=\"_blank\" rel=\"noopener\">De Blinde Muur<\/a>, a group of artists from the Belgian village of Kortenberg.<\/p>\t\t\t\t\t\t\t\t<\/div>\n\t\t\t\t<div class=\"elementor-element elementor-element-52cd803 elementor-widget elementor-widget-text-editor\" data-id=\"52cd803\" data-element_type=\"widget\" data-e-type=\"widget\" data-no-translation=\"\" data-widget_type=\"text-editor.default\">\n\t\t\t\t\t<style>.elementor-element-52cd803{display:none !important}<\/style>\t\t\t\t<\/div>\n\t\t\t\t\t<\/div>\n\t\t<\/div>\n\t\t\t\t\t<\/div>\n\t\t<\/section>\n\t\t\t\t<\/div>","protected":false},"excerpt":{"rendered":"<p>Wie ben ik? Ignacio Alfonso Mar\u00edn de Espinosa S\u00e1nchez is mijn naam, maar zeg maar Mar\u00edn. Dat is makkelijker. Ik ben een tekenaar afkomstig uit de Spaanse stad Murcia. Momenteel woon ik in Leuven en werk ik als karikaturist, cartoonist en portrettekenaar in Belgi\u00eb en Nederland. Waarom ik me gespecialiseerd heb in karikaturen en portretten? [&hellip;]<\/p>\n","protected":false},"author":1,"featured_media":0,"parent":0,"menu_order":0,"comment_status":"closed","ping_status":"closed","template":"","meta":{"_acf_changed":false,"footnotes":""},"class_list":["post-295","page","type-page","status-publish","hentry"],"acf":[],"yoast_head":"<!-- This site is optimized with the Yoast SEO plugin v27.1.1 - https:\/\/yoast.com\/product\/yoast-seo-wordpress\/ -->\n<title>Wie ben ik? - Karikaturist en portrettekenaar Mar\u00edn<\/title>\n<meta name=\"description\" content=\"Mar\u00edn is mijn naam. Tekenen is mijn passie. Grappige karikaturen en realistische portretten zijn mijn specialiteiten.\" \/>\n<meta name=\"robots\" content=\"index, follow, max-snippet:-1, max-image-preview:large, max-video-preview:-1\" \/>\n<link rel=\"canonical\" href=\"https:\/\/marin-artist.com\/en\/artiest\/\" \/>\n<meta property=\"og:locale\" content=\"en_GB\" \/>\n<meta property=\"og:type\" content=\"article\" \/>\n<meta property=\"og:title\" content=\"Wie ben ik? - Karikaturist en portrettekenaar Mar\u00edn\" \/>\n<meta property=\"og:description\" content=\"Mar\u00edn is mijn naam. Tekenen is mijn passie. Grappige karikaturen en realistische portretten zijn mijn specialiteiten.\" \/>\n<meta property=\"og:url\" content=\"https:\/\/marin-artist.com\/en\/artiest\/\" \/>\n<meta property=\"og:site_name\" content=\"Welkom | Karikaturist en portrettekenaar Mar\u00edn\" \/>\n<meta property=\"article:publisher\" content=\"https:\/\/www.facebook.com\/marin.artist.caricatures\/\" \/>\n<meta property=\"article:modified_time\" content=\"2025-03-06T10:18:53+00:00\" \/>\n<meta property=\"og:image\" content=\"https:\/\/marin-artist.com\/wp-content\/uploads\/2025\/02\/Plantilla_webp_retratos-3-1.webp\" \/>\n\t<meta property=\"og:image:width\" content=\"1000\" \/>\n\t<meta property=\"og:image:height\" content=\"1000\" \/>\n\t<meta property=\"og:image:type\" content=\"image\/webp\" \/>\n<meta name=\"twitter:card\" content=\"summary_large_image\" \/>\n<script type=\"application\/ld+json\" class=\"yoast-schema-graph\">{\"@context\":\"https:\/\/schema.org\",\"@graph\":[{\"@type\":\"WebPage\",\"@id\":\"https:\/\/marin-artist.com\/artiest\/\",\"url\":\"https:\/\/marin-artist.com\/artiest\/\",\"name\":\"Wie ben ik? - Karikaturist en portrettekenaar Mar\u00edn\",\"isPartOf\":{\"@id\":\"https:\/\/marin-artist.com\/#website\"},\"primaryImageOfPage\":{\"@id\":\"https:\/\/marin-artist.com\/artiest\/#primaryimage\"},\"image\":{\"@id\":\"https:\/\/marin-artist.com\/artiest\/#primaryimage\"},\"thumbnailUrl\":\"https:\/\/marin-artist.com\/wp-content\/uploads\/2025\/02\/Plantilla_webp_retratos-3-1.webp\",\"datePublished\":\"2020-07-23T08:31:17+00:00\",\"dateModified\":\"2025-03-06T10:18:53+00:00\",\"description\":\"Mar\u00edn is mijn naam. Tekenen is mijn passie. Grappige karikaturen en realistische portretten zijn mijn specialiteiten.\",\"breadcrumb\":{\"@id\":\"https:\/\/marin-artist.com\/artiest\/#breadcrumb\"},\"inLanguage\":\"en-GB\",\"potentialAction\":[{\"@type\":\"ReadAction\",\"target\":[\"https:\/\/marin-artist.com\/artiest\/\"]}]},{\"@type\":\"ImageObject\",\"inLanguage\":\"en-GB\",\"@id\":\"https:\/\/marin-artist.com\/artiest\/#primaryimage\",\"url\":\"https:\/\/marin-artist.com\/wp-content\/uploads\/2025\/02\/Plantilla_webp_retratos-3-1.webp\",\"contentUrl\":\"https:\/\/marin-artist.com\/wp-content\/uploads\/2025\/02\/Plantilla_webp_retratos-3-1.webp\"},{\"@type\":\"BreadcrumbList\",\"@id\":\"https:\/\/marin-artist.com\/artiest\/#breadcrumb\",\"itemListElement\":[{\"@type\":\"ListItem\",\"position\":1,\"name\":\"Home\",\"item\":\"https:\/\/marin-artist.com\/\"},{\"@type\":\"ListItem\",\"position\":2,\"name\":\"Artiest\"}]},{\"@type\":\"WebSite\",\"@id\":\"https:\/\/marin-artist.com\/#website\",\"url\":\"https:\/\/marin-artist.com\/\",\"name\":\"Welkom | Karikaturist en portrettekenaar Martin\",\"description\":\"Live karikaturen op feestjes en evenementen.\",\"publisher\":{\"@id\":\"https:\/\/marin-artist.com\/#organization\"},\"potentialAction\":[{\"@type\":\"SearchAction\",\"target\":{\"@type\":\"EntryPoint\",\"urlTemplate\":\"https:\/\/marin-artist.com\/?s={search_term_string}\"},\"query-input\":{\"@type\":\"PropertyValueSpecification\",\"valueRequired\":true,\"valueName\":\"search_term_string\"}}],\"inLanguage\":\"en-GB\"},{\"@type\":\"Organization\",\"@id\":\"https:\/\/marin-artist.com\/#organization\",\"name\":\"Marin Artist\",\"url\":\"https:\/\/marin-artist.com\/\",\"logo\":{\"@type\":\"ImageObject\",\"inLanguage\":\"en-GB\",\"@id\":\"https:\/\/marin-artist.com\/#\/schema\/logo\/image\/\",\"url\":\"https:\/\/marin-artist.com\/wp-content\/uploads\/2020\/07\/karikaturist-karikatuur-marin-animatie.jpg\",\"contentUrl\":\"https:\/\/marin-artist.com\/wp-content\/uploads\/2020\/07\/karikaturist-karikatuur-marin-animatie.jpg\",\"width\":1500,\"height\":1321,\"caption\":\"Marin Artist\"},\"image\":{\"@id\":\"https:\/\/marin-artist.com\/#\/schema\/logo\/image\/\"},\"sameAs\":[\"https:\/\/www.facebook.com\/marin.artist.caricatures\/\",\"https:\/\/www.instagram.com\/marin_artist\/\",\"https:\/\/nl.pinterest.com\/ignaciomarindeespinosaartist\/_saved\/\",\"https:\/\/www.youtube.com\/channel\/UCdCBWLJFitpcsIhYQ6IVmYA\"]}]}<\/script>\n<!-- \/ Yoast SEO plugin. -->","yoast_head_json":{"title":"Who am I? \u2013 Caricaturist and portrait artist Mar\u00edn","description":"Mar\u00edn is my name. Drawing is my passion. Funny caricatures and realistic portraits are my areas of expertise.","robots":{"index":"index","follow":"follow","max-snippet":"max-snippet:-1","max-image-preview":"max-image-preview:large","max-video-preview":"max-video-preview:-1"},"canonical":"https:\/\/marin-artist.com\/en\/artiest\/","og_locale":"en_GB","og_type":"article","og_title":"Wie ben ik? - Karikaturist en portrettekenaar Mar\u00edn","og_description":"Mar\u00edn is mijn naam. Tekenen is mijn passie. Grappige karikaturen en realistische portretten zijn mijn specialiteiten.","og_url":"https:\/\/marin-artist.com\/en\/artiest\/","og_site_name":"Welkom | Karikaturist en portrettekenaar Mar\u00edn","article_publisher":"https:\/\/www.facebook.com\/marin.artist.caricatures\/","article_modified_time":"2025-03-06T10:18:53+00:00","og_image":[{"width":1000,"height":1000,"url":"https:\/\/marin-artist.com\/wp-content\/uploads\/2025\/02\/Plantilla_webp_retratos-3-1.webp","type":"image\/webp"}],"twitter_card":"summary_large_image","schema":{"@context":"https:\/\/schema.org","@graph":[{"@type":"WebPage","@id":"https:\/\/marin-artist.com\/artiest\/","url":"https:\/\/marin-artist.com\/artiest\/","name":"Who am I? \u2013 Caricaturist and portrait artist Mar\u00edn","isPartOf":{"@id":"https:\/\/marin-artist.com\/#website"},"primaryImageOfPage":{"@id":"https:\/\/marin-artist.com\/artiest\/#primaryimage"},"image":{"@id":"https:\/\/marin-artist.com\/artiest\/#primaryimage"},"thumbnailUrl":"https:\/\/marin-artist.com\/wp-content\/uploads\/2025\/02\/Plantilla_webp_retratos-3-1.webp","datePublished":"2020-07-23T08:31:17+00:00","dateModified":"2025-03-06T10:18:53+00:00","description":"Mar\u00edn is my name. Drawing is my passion. Funny caricatures and realistic portraits are my areas of expertise.","breadcrumb":{"@id":"https:\/\/marin-artist.com\/artiest\/#breadcrumb"},"inLanguage":"en-GB","potentialAction":[{"@type":"ReadAction","target":["https:\/\/marin-artist.com\/artiest\/"]}]},{"@type":"ImageObject","inLanguage":"en-GB","@id":"https:\/\/marin-artist.com\/artiest\/#primaryimage","url":"https:\/\/marin-artist.com\/wp-content\/uploads\/2025\/02\/Plantilla_webp_retratos-3-1.webp","contentUrl":"https:\/\/marin-artist.com\/wp-content\/uploads\/2025\/02\/Plantilla_webp_retratos-3-1.webp"},{"@type":"BreadcrumbList","@id":"https:\/\/marin-artist.com\/artiest\/#breadcrumb","itemListElement":[{"@type":"ListItem","position":1,"name":"Home","item":"https:\/\/marin-artist.com\/"},{"@type":"ListItem","position":2,"name":"Artiest"}]},{"@type":"WebSite","@id":"https:\/\/marin-artist.com\/#website","url":"https:\/\/marin-artist.com\/","name":"Welkom | Karikaturist en portrettekenaar Martin","description":"Live karikaturen op feestjes en evenementen.","publisher":{"@id":"https:\/\/marin-artist.com\/#organization"},"potentialAction":[{"@type":"SearchAction","target":{"@type":"EntryPoint","urlTemplate":"https:\/\/marin-artist.com\/?s={search_term_string}"},"query-input":{"@type":"PropertyValueSpecification","valueRequired":true,"valueName":"search_term_string"}}],"inLanguage":"en-GB"},{"@type":"Organization","@id":"https:\/\/marin-artist.com\/#organization","name":"Marin Artist","url":"https:\/\/marin-artist.com\/","logo":{"@type":"ImageObject","inLanguage":"en-GB","@id":"https:\/\/marin-artist.com\/#\/schema\/logo\/image\/","url":"https:\/\/marin-artist.com\/wp-content\/uploads\/2020\/07\/karikaturist-karikatuur-marin-animatie.jpg","contentUrl":"https:\/\/marin-artist.com\/wp-content\/uploads\/2020\/07\/karikaturist-karikatuur-marin-animatie.jpg","width":1500,"height":1321,"caption":"Marin Artist"},"image":{"@id":"https:\/\/marin-artist.com\/#\/schema\/logo\/image\/"},"sameAs":["https:\/\/www.facebook.com\/marin.artist.caricatures\/","https:\/\/www.instagram.com\/marin_artist\/","https:\/\/nl.pinterest.com\/ignaciomarindeespinosaartist\/_saved\/","https:\/\/www.youtube.com\/channel\/UCdCBWLJFitpcsIhYQ6IVmYA"]}]}},"_links":{"self":[{"href":"https:\/\/marin-artist.com\/en\/wp-json\/wp\/v2\/pages\/295","targetHints":{"allow":["GET"]}}],"collection":[{"href":"https:\/\/marin-artist.com\/en\/wp-json\/wp\/v2\/pages"}],"about":[{"href":"https:\/\/marin-artist.com\/en\/wp-json\/wp\/v2\/types\/page"}],"author":[{"embeddable":true,"href":"https:\/\/marin-artist.com\/en\/wp-json\/wp\/v2\/users\/1"}],"replies":[{"embeddable":true,"href":"https:\/\/marin-artist.com\/en\/wp-json\/wp\/v2\/comments?post=295"}],"version-history":[{"count":106,"href":"https:\/\/marin-artist.com\/en\/wp-json\/wp\/v2\/pages\/295\/revisions"}],"predecessor-version":[{"id":4785,"href":"https:\/\/marin-artist.com\/en\/wp-json\/wp\/v2\/pages\/295\/revisions\/4785"}],"wp:attachment":[{"href":"https:\/\/marin-artist.com\/en\/wp-json\/wp\/v2\/media?parent=295"}],"curies":[{"name":"wp","href":"https:\/\/api.w.org\/{rel}","templated":true}]}}